{"id":76,"date":"2022-10-12T17:50:15","date_gmt":"2022-10-12T17:50:15","guid":{"rendered":"https:\/\/robotist.de\/?page_id=76"},"modified":"2022-10-12T17:50:15","modified_gmt":"2022-10-12T17:50:15","slug":"datenschutzverordnung","status":"publish","type":"page","link":"https:\/\/robotist.de\/?page_id=76","title":{"rendered":"Datenschutzverordnung"},"content":{"rendered":"\n<h1 class=\"wp-block-heading\">Datenschutz<\/h1>\n\n\n\n<h2 class=\"wp-block-heading\">Allgemeine Hinweise<\/h2>\n\n\n\n<p>Die folgenden Hinweise geben einen einfachen \u00dcberblick dar\u00fcber, was mit Ihren personenbezogenen Daten passiert, wenn Sie unsere Website besuchen. Personenbezogene Daten sind alle Daten, mit denen Sie pers\u00f6nlich identifiziert werden k\u00f6nnen. Ausf\u00fchrliche Informationen zum Thema Datenschutz entnehmen Sie dieser Datenschutzerkl\u00e4rung. In Bezug auf verwendete Begrifflichkeiten verweisen wir auf die Definitionen im Art. 4 der Datenschutzgrundverordnung (DSGVO).<\/p>\n\n\n\n<p>Stand: April 2019<\/p>\n\n\n\n<h2 class=\"wp-block-heading\">Datenerfassung auf unserer Website<\/h2>\n\n\n\n<h3 class=\"wp-block-heading\">Wer ist verantwortlich f\u00fcr die Datenerfassung auf dieser Website?<\/h3>\n\n\n\n<p>Die Datenverarbeitung auf dieser Website erfolgt durch den Websitebetreiber:<\/p>\n\n\n\n<p>Robotist GmbH<\/p>\n\n\n\n<p>Schafstallweg 15<\/p>\n\n\n\n<p>74722 Buchen <\/p>\n\n\n\n<p><br><\/p>\n\n\n\n<p>Weitere Informationen finden Sie im Impressum unserer Internetseite.<\/p>\n\n\n\n<h3 class=\"wp-block-heading\">Datenschutzbeauftragter<\/h3>\n\n\n\n<p>Wir unterschreiten die Anzahl an Mitarbeitern, die personenbezogene Daten verarbeiten, die f\u00fcr die Bestellung eines Datenschutzbeauftragten gem. \u00a7 38 BDSG-Neu notwendig ist.<\/p>\n\n\n\n<h3 class=\"wp-block-heading\">Welche Daten verarbeiten wir?<\/h3>\n\n\n\n<p>Zu den Kategorien verarbeiteter Daten geh\u00f6ren: Bestandsdaten, Kontaktdaten und Inhaltsdaten, die Sie uns per Kontaktformular oder E-Mail mitteilen, sowie Nutzungs- und Kommunikationsdaten. Dazu geh\u00f6ren u.a. Ihre anonymisierte IP-Adresse, Daten zu Ihrer genutzten Soft- und Hardware.<\/p>\n\n\n\n<p>Grunds\u00e4tzlich verarbeiten wir keine besonderen Kategorien von Daten &#8211; au\u00dfer Sie stellen uns diese Daten per Kontaktformular zur Verf\u00fcgung.<\/p>\n\n\n\n<p>Wir verarbeiten Daten der Besucher und Nutzer unseres Online-Angebots sowie die Daten von Kunden, Interessenten und Lieferanten.<\/p>\n\n\n\n<p>Wir verarbeiten die erfassten Daten zur Zurverf\u00fcgungstellung unseres Onlineangebots, seiner Funktionen und Inhalte, zur Erbringung vertraglicher Leistungen und zur Beantwortung von Kontaktanfragen und zur Kommunikation mit unseren Kunden.<\/p>\n\n\n\n<h3 class=\"wp-block-heading\">Wie erfassen wir Ihre Daten?<\/h3>\n\n\n\n<p>Ihre Daten werden zum einen dadurch erhoben, dass Sie uns diese mitteilen. Hierbei kann es sich z.B. um Daten handeln, die Sie in ein Kontaktformular eingeben.<\/p>\n\n\n\n<p>Andere Daten k\u00f6nnen automatisch beim Besuch der Website durch unsere IT-Systeme erfasst werden. Dies sind vor allem technische Daten (z.B. Internetbrowser, Betriebssystem oder Uhrzeit des Seitenaufrufs). Die Erfassung dieser Daten erfolgt automatisch, sobald Sie unsere Website betreten.<\/p>\n\n\n\n<p><strong>Rechtsgrundlagen der Datenverarbeitung<\/strong><\/p>\n\n\n\n<p>Nach der Ma\u00dfgabe Art. 13 DSGVO teilen wir Ihnen hier die Rechtsgrundlagen unserer Datenverarbeitungen mit. Die Rechtsgrundlage f\u00fcr die Einholung von Einwilligungen ist Art. 6 Abs. 1 lit. a, die Rechtsgrundlage f\u00fcr die Verarbeitung zur Erf\u00fcllung unserer Leistungen und Durchf\u00fchrung vertraglicher Ma\u00dfnahmen sowie Beantwortung von Anfragen ist Art. 6 Abs. 1 lit. b DSGVO, die Rechtsgrundlage f\u00fcr die Verarbeitung zur Erf\u00fcllung unserer rechtlichen Verpflichtungen ist Art. 6 Abs. 1 lit. c DSGVO, und die Rechtsgrundlage f\u00fcr die Verarbeitung zur Wahrung unserer berechtigten Interessen ist Art. 6 Abs. 1 lit. f DSGVO. F\u00fcr den Fall, dass lebenswichtige Interessen der betroffenen Person oder einer anderen nat\u00fcrlichen Person eine Verarbeitung personenbezogener Daten erforderlich machen, dient Art. 6 Abs. 1 lit. d DSGVO als Rechtsgrundlage. Ist die Verarbeitung zur Wahrung eines berechtigten Interesses unseres Unternehmens oder eines Dritten erforderlich und \u00fcberwiegen die Interessen, Grundrechte und Grundfreiheiten des Betroffenen das erstgenannte Interesse nicht, so dient Art. 6 Abs. 1 lit. f DSGVO als Rechtsgrundlage f\u00fcr die Verarbeitung.<\/p>\n\n\n\n<h2 class=\"wp-block-heading\">\u00c4nderung dieser Datenschutzerkl\u00e4rung<\/h2>\n\n\n\n<p>Bitte informieren Sie sich auf dieser Webseite regelm\u00e4\u00dfig \u00fcber den Inhalt unserer Datenschutzerkl\u00e4rung. Sobald die von uns durchgef\u00fchrten Datenverarbeitungen dies erforderlich machen, passen wir unsere Datenschutzerkl\u00e4rung an. Sollten \u00c4nderungen Ihre Mitwirkung erfordern (z.B. eine Einwilligung), informieren wir Sie individuell.<\/p>\n\n\n\n<h2 class=\"wp-block-heading\">Welche Rechte haben Sie bez\u00fcglich Ihrer Daten?<\/h2>\n\n\n\n<p>Zu den Ma\u00dfnahmen, unentgeltlich Auskunft \u00fcber Herkunft, Empf\u00e4nger und Zweck Ihrer gespeicherten personenbezogenen Daten zu erhalten. Sie haben au\u00dferdem ein Recht, die Berichtigung, Sperrung oder L\u00f6schung dieser Daten zu verlangen. Hierzu sowie zu weiteren Fragen zum Thema Datenschutz k\u00f6nnen Sie sich jederzeit unter der im Impressum angegebenen Adresse an uns wenden. Des Weiteren steht Ihnen ein Beschwerderecht bei der zust\u00e4ndigen Aufsichtsbeh\u00f6rde zu.<\/p>\n\n\n\n<p>Wir verarbeiten personenbezogene Daten der Nutzer nur unter Einhaltung der einschl\u00e4gigen Datenschutzbestimmungen. Das bedeutet, die Daten der Nutzer werden nur bei Vorliegen einer gesetzlichen Erlaubnis verarbeitet. D.h., insbesondere wenn die Datenverarbeitung zur Erbringung unserer vertraglichen Leistungen (z.B. Bearbeitung von Auftr\u00e4gen) sowie Online-Services erforderlich, bzw. gesetzlich vorgeschrieben ist, eine Einwilligung der Nutzer vorliegt, als auch aufgrund unserer berechtigten Interessen (d.h. Interesse an der Analyse, Optimierung und wirtschaftlichem Betrieb und Sicherheit unseres Onlineangebotes im Sinne des Art. 6 Abs. 1 lit. f. DSGVO, insbesondere bei der Reichweitenmessung, Erstellung von Profilen zu Werbe- und Marketingzwecken sowie Erhebung von Zugriffsdaten und Einsatz der Dienste von Drittanbietern.<\/p>\n\n\n\n<p>Wir weisen darauf hin, dass die Rechtsgrundlage der Einwilligungen Art. 6 Abs. 1 lit. a. und Art. 7 DSGVO, die Rechtsgrundlage f\u00fcr die Verarbeitung zur Erf\u00fcllung unserer Leistungen und Durchf\u00fchrung vertraglicher Ma\u00dfnahmen Art. 6 Abs. 1 lit. b. DSGVO, die Rechtsgrundlage f\u00fcr die Verarbeitung zur Erf\u00fcllung unserer rechtlichen Verpflichtungen Art. 6 Abs. 1 lit. c. DSGVO, und die Rechtsgrundlage f\u00fcr die Verarbeitung zur Wahrung unserer berechtigten Interessen Art. 6 Abs. 1 lit. f. DSGVO ist.<\/p>\n\n\n\n<h2 class=\"wp-block-heading\">Sicherheitsma\u00dfnahmen<\/h2>\n\n\n\n<p>Wir treffen nach Ma\u00dfgabe des Art. 32 DSGVO unter Ber\u00fccksichtigung des Stands der Technik, der Implementierungskosten und der Art, des Umfangs, der Umst\u00e4nde und der Zwecke der Verarbeitung sowie der unterschiedlichen Eintrittswahrscheinlichkeit und Schwere des Risikos f\u00fcr die Rechte und Freiheiten nat\u00fcrlicher Personen, geeignete technische und organisatorische Ma\u00dfnahmen, um ein dem Risiko angemessenes Schutzniveau zu gew\u00e4hrleisten. Zu den Ma\u00dfnahmen geh\u00f6ren insbesondere die Sicherung der Vertraulichkeit, Integrit\u00e4t und Verf\u00fcgbarkeit von Daten durch Kontrolle des physischen Zugangs zu den Daten, als auch des sie betreffenden Zugriffs, der Eingabe, Weitergabe, der Sicherung der Verf\u00fcgbarkeit und ihrer Trennung. Des Weiteren haben wir Verfahren eingerichtet, die eine Wahrnehmung von Betroffenenrechten, L\u00f6schung von Daten und Reaktion auf Gef\u00e4hrdung der Daten gew\u00e4hrleisten. Ferner ber\u00fccksichtigen wir den Schutz personenbezogener Daten bereits bei der Entwicklung, bzw. Auswahl von Hardware, Software sowie Verfahren, entsprechend dem Prinzip des Datenschutzes durch Technikgestaltung und durch datenschutzfreundliche Voreinstellungen (Art. 25 DSGVO).<\/p>\n\n\n\n<p>Zu den Sicherheitsma\u00dfnahmen geh\u00f6rt insbesondere die verschl\u00fcsselte \u00dcbertragung von Daten zwischen Ihrem Browser und unserem Server.<\/p>\n\n\n\n<h2 class=\"wp-block-heading\">Zusammenarbeit mit Auftragsverarbeitern und Dritten<\/h2>\n\n\n\n<p>Sofern wir im Rahmen unserer Verarbeitung Daten gegen\u00fcber anderen Personen und Unternehmen (Auftragsverarbeitern oder Dritten) offenbaren, sie an diese \u00fcbermitteln oder ihnen sonst Zugriff auf die Daten gew\u00e4hren, erfolgt dies nur auf Grundlage einer gesetzlichen Erlaubnis (z.B. wenn eine \u00dcbermittlung der Daten an Dritte, wie an Zahlungsdienstleister, gem. Art. 6 Abs. 1 lit. b DSGVO zur Vertragserf\u00fcllung erforderlich ist), Sie eingewilligt haben, eine rechtliche Verpflichtung dies vorsieht oder auf Grundlage unserer berechtigten Interessen (z.B. beim Einsatz von Beauftragten, Webhostern, etc.).<\/p>\n\n\n\n<p>Sofern wir Dritte mit der Verarbeitung von Daten auf Grundlage eines sog. &#8222;Auftragsverarbeitungsvertrages&#8220; beauftragen, geschieht dies auf Grundlage des Art. 28 DSGVO.<\/p>\n\n\n\n<h2 class=\"wp-block-heading\">\u00dcbermittlungen in Drittl\u00e4nder<\/h2>\n\n\n\n<p>Sofern wir Daten in einem Drittland (d.h. au\u00dferhalb der Europ\u00e4ischen Union (EU) oder des Europ\u00e4ischen Wirtschaftsraums (EWR)) verarbeiten oder dies im Rahmen der Inanspruchnahme von Diensten Dritter oder Offenlegung, bzw. \u00dcbermittlung von Daten an Dritte geschieht, erfolgt dies nur, wenn es zur Erf\u00fcllung unserer (vor)vertraglichen Pflichten, auf Grundlage Ihrer Einwilligung, aufgrund einer rechtlichen Verpflichtung oder auf Grundlage unserer berechtigten Interessen geschieht. Vorbehaltlich gesetzlicher oder vertraglicher Erlaubnisse, verarbeiten oder lassen wir die Daten in einem Drittland nur bei Vorliegen der besonderen Voraussetzungen der Art. 44 ff. DSGVO verarbeiten. D.h. die Verarbeitung erfolgt z.B. auf Grundlage besonderer Garantien, wie der offiziell anerkannten Feststellung eines der EU entsprechenden Datenschutzniveaus oder Beachtung offiziell anerkannter, spezieller vertraglicher Verpflichtungen (so genannte &#8222;Standardvertragsklauseln&#8220;).<\/p>\n\n\n\n<h2 class=\"wp-block-heading\">Rechte der betroffenen Personen<\/h2>\n\n\n\n<p>Sie haben das Recht, eine Best\u00e4tigung dar\u00fcber zu verlangen, ob betreffende Daten verarbeitet werden und auf Auskunft \u00fcber diese Daten sowie auf weitere Informationen und Kopie der Daten entsprechend Art. 15 DSGVO.<\/p>\n\n\n\n<p>Sie haben entsprechend. Art. 16 DSGVO das Recht, die Vervollst\u00e4ndigung der Sie betreffenden Daten oder die Berichtigung der Sie betreffenden unrichtigen Daten zu verlangen.<\/p>\n\n\n\n<p>Sie haben nach Ma\u00dfgabe des Art. 17 DSGVO das Recht zu verlangen, dass betreffende Daten unverz\u00fcglich gel\u00f6scht werden, bzw. alternativ nach Ma\u00dfgabe des Art. 18 DSGVO eine Einschr\u00e4nkung der Verarbeitung der Daten zu verlangen.<\/p>\n\n\n\n<p>Sie haben das Recht zu verlangen, dass die Sie betreffenden Daten, die Sie uns bereitgestellt haben, nach Ma\u00dfgabe des Art. 20 DSGVO zu erhalten und deren \u00dcbermittlung an andere Verantwortliche zu fordern.<\/p>\n\n\n\n<p>Sie haben ferner gem. Art. 77 DSGVO das Recht, eine Beschwerde bei der zust\u00e4ndigen Aufsichtsbeh\u00f6rde einzureichen.<\/p>\n\n\n\n<h3 class=\"wp-block-heading\">Recht auf Beschwerde bei einer Aufsichtsbeh\u00f6rde<\/h3>\n\n\n\n<p>Unbeschadet eines anderweitigen, verwaltungsrechtlichen oder gerichtlichen Rechtsbehelfs steht Ihnen das Recht auf Beschwerde bei einer Aufsichtsbeh\u00f6rde, insbesondere in dem Mitgliedstaat ihres Aufenthaltsorts, ihres Arbeitsplatzes oder des Orts des mutma\u00dflichen Versto\u00dfes zu, wenn Sie der Ansicht sind, dass die Verarbeitung der Sie betreffenden personenbezogenen Daten gegen die DSGVO verst\u00f6\u00dft.<\/p>\n\n\n\n<p>Die Aufsichtsbeh\u00f6rde, bei der die Beschwerde eingereicht wurde, unterrichtet den Beschwerdef\u00fchrer \u00fcber den Stand und die Ergebnisse der Beschwerde, einschlie\u00dflich der M\u00f6glichkeit eines gerichtlichen Rechtsbehelfs nach Art.&nbsp;78 DSGVO.<\/p>\n\n\n\n<h3 class=\"wp-block-heading\">Widerrufsrecht<\/h3>\n\n\n\n<p>Sie haben das Recht, erteilte Einwilligungen gem. Art. 7 Abs. 3 DSGVO mit Wirkung f\u00fcr die Zukunft zu widerrufen.<\/p>\n\n\n\n<h3 class=\"wp-block-heading\">Widerspruchsrecht<\/h3>\n\n\n\n<p>Sie k\u00f6nnen der k\u00fcnftigen Verarbeitung der Sie betreffenden Daten nach Ma\u00dfgabe des Art. 21 DSGVO jederzeit widersprechen. Der Widerspruch kann insbesondere gegen die Verarbeitung f\u00fcr Zwecke der Direktwerbung erfolgen.<\/p>\n\n\n\n<p>Der Nutzer hat jederzeit die M\u00f6glichkeit, seine Einwilligung zur Verarbeitung der personenbezogenen Daten zu widerrufen. Nimmt der Nutzer per E-Mail Kontakt mit uns auf, so kann er der Speicherung seiner personenbezogenen Daten jederzeit widersprechen. In einem solchen Fall kann die Konversation nicht fortgef\u00fchrt werden. Der Widerruf der Einwilligung durch den Nutzer ist durch R\u00fccksenden der E-Mail mit dem Betreff-Vermerk \u201aWiderspruch\u2018 m\u00f6glich.<\/p>\n\n\n\n<p>Alle personenbezogenen Daten, die im Zuge der Kontaktaufnahme gespeichert wurden, werden in diesem Fall gel\u00f6scht.<\/p>\n\n\n\n<h3 class=\"wp-block-heading\">L\u00f6schung von Daten<\/h3>\n\n\n\n<p>Die von uns verarbeiteten Daten werden nach Ma\u00dfgabe der Art. 17 und 18 DSGVO gel\u00f6scht oder in ihrer Verarbeitung eingeschr\u00e4nkt. Sofern nicht im Rahmen dieser Datenschutzerkl\u00e4rung ausdr\u00fccklich angegeben, werden die bei uns gespeicherten Daten gel\u00f6scht, sobald sie f\u00fcr ihre Zweckbestimmung nicht mehr erforderlich sind und der L\u00f6schung keine gesetzlichen Aufbewahrungspflichten entgegenstehen. Sofern die Daten nicht gel\u00f6scht werden, weil sie f\u00fcr andere und gesetzlich zul\u00e4ssige Zwecke erforderlich sind, wird deren Verarbeitung eingeschr\u00e4nkt. D.h. die Daten werden gesperrt und nicht f\u00fcr andere Zwecke verarbeitet. Das gilt z.B. f\u00fcr Daten, die aus handels- oder steuerrechtlichen Gr\u00fcnden aufbewahrt werden m\u00fcssen.<\/p>\n\n\n\n<p>Nach gesetzlichen Vorgaben erfolgt die Aufbewahrung insbesondere f\u00fcr 6 Jahre gem\u00e4\u00df \u00a7 257 Abs. 1 HGB (Handelsb\u00fccher, Inventare, Er\u00f6ffnungsbilanzen, Jahresabschl\u00fcsse, Handelsbriefe, Buchungsbelege, etc.) sowie f\u00fcr 10 Jahre gem\u00e4\u00df \u00a7 147 Abs. 1 AO (B\u00fccher, Aufzeichnungen, Lageberichte, Buchungsbelege, Handels- und Gesch\u00e4ftsbriefe, F\u00fcr Besteuerung relevante Unterlagen, etc.).<\/p>\n\n\n\n<h3 class=\"wp-block-heading\">Recht auf L\u00f6schung &#8211; L\u00f6schungspflicht<\/h3>\n\n\n\n<p>Sie k\u00f6nnen von dem Verantwortlichen verlangen, dass die Sie betreffenden personenbezogenen Daten unverz\u00fcglich gel\u00f6scht werden, und der Verantwortliche ist verpflichtet, diese Daten unverz\u00fcglich zu l\u00f6schen, sofern einer der folgenden Gr\u00fcnde zutrifft: (1) Die Sie betreffenden personenbezogenen Daten sind f\u00fcr die Zwecke, f\u00fcr die sie erhoben oder auf sonstige Weise verarbeitet wurden, nicht mehr notwendig. (2) Sie widerrufen Ihre Einwilligung, auf die sich die Verarbeitung gem. Art.&nbsp;6 Abs.&nbsp;1 lit.&nbsp;a oder Art.&nbsp;9 Abs.&nbsp;2 lit.&nbsp;a DSGVO st\u00fctzte, und es fehlt an einer anderweitigen Rechtsgrundlage f\u00fcr die Verarbeitung. (3) Sie legen gem. Art.&nbsp;21 Abs.&nbsp;1 DSGVO Widerspruch gegen die Verarbeitung ein und es liegen keine vorrangigen berechtigten Gr\u00fcnde f\u00fcr die Verarbeitung vor, oder Sie legen gem. Art.&nbsp;21 Abs.&nbsp;2 DSGVO Widerspruch gegen die Verarbeitung ein. (4) Die Sie betreffenden personenbezogenen Daten wurden unrechtm\u00e4\u00dfig verarbeitet. (5) Die L\u00f6schung der Sie betreffenden personenbezogenen Daten ist zur Erf\u00fcllung einer rechtlichen Verpflichtung nach dem Unionsrecht oder dem Recht der Mitgliedstaaten erforderlich, dem der Verantwortliche unterliegt. (6) Die Sie betreffenden personenbezogenen Daten wurden in Bezug auf angebotene Dienste der Informationsgesellschaft gem\u00e4\u00df Art.&nbsp;8 Abs.&nbsp;1 DSGVO erhoben.<\/p>\n\n\n\n<h4 class=\"wp-block-heading\">Information an Dritte<\/h4>\n\n\n\n<p>Hat der Verantwortliche die Sie betreffenden personenbezogenen Daten \u00f6ffentlich gemacht und ist er gem. Art.&nbsp;17 Abs.&nbsp;1 DSGVO zu deren L\u00f6schung verpflichtet, so trifft er unter Ber\u00fccksichtigung der verf\u00fcgbaren Technologie und der Implementierungskosten angemessene Ma\u00dfnahmen, auch technischer Art, um f\u00fcr die Datenverarbeitung Verantwortliche, die die personenbezogenen Daten verarbeiten, dar\u00fcber zu informieren, dass Sie als betroffene Person von ihnen die L\u00f6schung aller Links zu diesen personenbezogenen Daten oder von Kopien oder Replikationen dieser personenbezogenen Daten verlangt haben.<\/p>\n\n\n\n<h4 class=\"wp-block-heading\">Ausnahmen<\/h4>\n\n\n\n<p>Das Recht auf L\u00f6schung besteht nicht, soweit die Verarbeitung erforderlich ist (1) zur Aus\u00fcbung des Rechts auf freie Meinungs\u00e4u\u00dferung und Information; (2) zur Erf\u00fcllung einer rechtlichen Verpflichtung, die die Verarbeitung nach dem Recht der Union oder der Mitgliedstaaten, dem der Verantwortliche unterliegt, erfordert, oder zur Wahrnehmung einer Aufgabe, die im \u00f6ffentlichen Interesse liegt oder in Aus\u00fcbung \u00f6ffentlicher Gewalt erfolgt, die dem Verantwortlichen \u00fcbertragen wurde; (3) aus Gr\u00fcnden des \u00f6ffentlichen Interesses im Bereich der \u00f6ffentlichen Gesundheit gem\u00e4\u00df Art.&nbsp;9 Abs.&nbsp;2 lit.&nbsp;h und i sowie Art.&nbsp;9 Abs.&nbsp;3 DSGVO; (4) f\u00fcr im \u00f6ffentlichen Interesse liegende Archivzwecke, wissenschaftliche oder historische Forschungszwecke oder f\u00fcr statistische Zwecke gem. Art.&nbsp;89 Abs.&nbsp;1 DSGVO, soweit das unter Abschnitt a) genannte Recht voraussichtlich die Verwirklichung der Ziele dieser Verarbeitung unm\u00f6glich macht oder ernsthaft beeintr\u00e4chtigt, oder; (5) zur Geltendmachung, Aus\u00fcbung oder Verteidigung von Rechtsanspr\u00fcchen.<\/p>\n\n\n\n<h3 class=\"wp-block-heading\">Recht auf Einschr\u00e4nkung der Verarbeitung<\/h3>\n\n\n\n<p>Unter den folgenden Voraussetzungen k\u00f6nnen Sie die Einschr\u00e4nkung der Verarbeitung der Sie betreffenden personenbezogenen Daten verlangen: (1) wenn Sie die Richtigkeit der Sie betreffenden personenbezogenen Daten f\u00fcr eine Dauer bestreiten, die es dem Verantwortlichen erm\u00f6glicht, die Richtigkeit der personenbezogenen Daten zu \u00fcberpr\u00fcfen; (2) die Verarbeitung unrechtm\u00e4\u00dfig ist und Sie die L\u00f6schung der personenbezogenen Daten ablehnen und stattdessen die Einschr\u00e4nkung der Nutzung der personenbezogenen Daten verlangen; (3) der Verantwortliche die personenbezogenen Daten f\u00fcr die Zwecke der Verarbeitung nicht l\u00e4nger ben\u00f6tigt, Sie diese jedoch zur Geltendmachung, Aus\u00fcbung oder Verteidigung von Rechtsanspr\u00fcchen ben\u00f6tigen, oder (4) wenn Sie Widerspruch gegen die Verarbeitung gem\u00e4\u00df Art.&nbsp;21 Abs.&nbsp;1 DSGVO eingelegt haben und noch nicht feststeht, ob die berechtigten Gr\u00fcnde des Verantwortlichen gegen\u00fcber Ihren Gr\u00fcnden \u00fcberwiegen.<\/p>\n\n\n\n<p>Wurde die Verarbeitung der Sie betreffenden personenbezogenen Daten eingeschr\u00e4nkt, d\u00fcrfen diese Daten \u2013 von ihrer Speicherung abgesehen \u2013 nur mit Ihrer Einwilligung oder zur Geltendmachung, Aus\u00fcbung oder Verteidigung von Rechtsanspr\u00fcchen oder zum Schutz der Rechte einer anderen nat\u00fcrlichen oder juristischen Person oder aus Gr\u00fcnden eines wichtigen \u00f6ffentlichen Interesses der Union oder eines Mitgliedstaats verarbeitet werden.<\/p>\n\n\n\n<p>Wurde die Einschr\u00e4nkung der Verarbeitung nach den o.g. Voraussetzungen eingeschr\u00e4nkt, werden Sie von dem Verantwortlichen unterrichtet, bevor die Einschr\u00e4nkung aufgehoben wird.<\/p>\n\n\n\n<h3 class=\"wp-block-heading\">Recht auf Daten\u00fcbertragbarkeit<\/h3>\n\n\n\n<p>Sie haben das Recht, die Sie betreffenden personenbezogenen Daten, die Sie dem Verantwortlichen bereitgestellt haben, in einem strukturierten, g\u00e4ngigen und maschinenlesbaren Format zu erhalten. Au\u00dferdem haben Sie das Recht, diese Daten einem anderen Verantwortlichen ohne Behinderung durch den Verantwortlichen, dem die personenbezogenen Daten bereitgestellt wurden, zu \u00fcbermitteln, sofern (1) die Verarbeitung auf einer Einwilligung gem. Art.&nbsp;6 Abs.&nbsp;1 lit.&nbsp;a DSGVO oder Art.&nbsp;9 Abs.&nbsp;2 lit.&nbsp;a DSGVO oder auf einem Vertrag gem. Art.&nbsp;6 Abs.&nbsp;1 lit.&nbsp;b DSGVO beruht und (2) die Verarbeitung mithilfe automatisierter Verfahren erfolgt.<\/p>\n\n\n\n<p>In Aus\u00fcbung dieses Rechts haben Sie ferner das Recht, zu erwirken, dass die Sie betreffenden personenbezogenen Daten direkt von einem Verantwortlichen einem anderen Verantwortlichen \u00fcbermittelt werden, soweit dies technisch machbar ist. Freiheiten und Rechte anderer Personen d\u00fcrfen hierdurch nicht beeintr\u00e4chtigt werden.<\/p>\n\n\n\n<p>Das Recht auf Daten\u00fcbertragbarkeit gilt nicht f\u00fcr eine Verarbeitung personenbezogener Daten, die f\u00fcr die Wahrnehmung einer Aufgabe erforderlich ist, die im \u00f6ffentlichen Interesse liegt oder in Aus\u00fcbung \u00f6ffentlicher Gewalt erfolgt, die dem Verantwortlichen \u00fcbertragen wurde.<\/p>\n\n\n\n<h3 class=\"wp-block-heading\">Recht auf Unterrichtung<\/h3>\n\n\n\n<p>Haben Sie das Recht auf Berichtigung, L\u00f6schung oder Einschr\u00e4nkung der Verarbeitung gegen\u00fcber dem Verantwortlichen geltend gemacht, ist dieser verpflichtet, allen Empf\u00e4ngern, denen die Sie betreffenden personenbezogenen Daten offengelegt wurden, diese Berichtigung oder L\u00f6schung der Daten oder Einschr\u00e4nkung der Verarbeitung mitzuteilen, es sei denn, dies erweist sich als unm\u00f6glich oder ist mit einem unverh\u00e4ltnism\u00e4\u00dfigen Aufwand verbunden.<\/p>\n\n\n\n<p>Ihnen steht gegen\u00fcber dem Verantwortlichen das Recht zu, \u00fcber diese Empf\u00e4nger unterrichtet zu werden.<\/p>\n\n\n\n<h3 class=\"wp-block-heading\">Recht auf Berichtigung<\/h3>\n\n\n\n<p>Sie haben ein Recht auf Berichtigung und\/oder Vervollst\u00e4ndigung gegen\u00fcber dem Verantwortlichen, sofern die verarbeiteten personenbezogenen Daten, die Sie betreffen, unrichtig oder unvollst\u00e4ndig sind. Der Verantwortliche hat die Berichtigung unverz\u00fcglich vorzunehmen.<\/p>\n\n\n\n<h2 class=\"wp-block-heading\">Kontaktaufnahme<\/h2>\n\n\n\n<p>Bei der Kontaktaufnahme mit uns (per Kontaktformular oder E-Mail) werden die Angaben des Nutzers zur Bearbeitung der Kontaktanfrage und deren Abwicklung gem. Art. 6 Abs. 1 lit. b) DSGVO verarbeitet.<\/p>\n\n\n\n<p>Die Angaben der Nutzer k\u00f6nnen in unserem Customer-Relationship-Management System (&#8222;CRM System&#8220;) oder vergleichbarer Anfragenorganisation gespeichert werden.<\/p>\n\n\n\n<p>Wir l\u00f6schen die Anfragen, sofern diese nicht mehr erforderlich sind. F\u00fcr die personenbezogenen Daten, die per E-Mail \u00fcbersandt wurden, ist dies dann der Fall, wenn die jeweilige Konversation mit dem Nutzer beendet ist. Beendet ist die Konversation dann, wenn sich aus den Umst\u00e4nden entnehmen l\u00e4sst, dass der betroffene Sachverhalt abschlie\u00dfend gekl\u00e4rt ist. Wir \u00fcberpr\u00fcfen die Erforderlichkeit alle zwei Jahre; Anfragen von Kunden, die \u00fcber ein Kundenkonto verf\u00fcgen, speichern wir dauerhaft und verweisen zur L\u00f6schung auf die Angaben zum Kundenkonto. Im Fall der gesetzlichen Archivierungspflichten erfolgt die L\u00f6schung nach deren Ablauf (Ende handelsrechtlicher (6 Jahre) und steuerrechtlicher (10 Jahre) Aufbewahrungspflicht).<\/p>\n","protected":false},"excerpt":{"rendered":"<p>Datenschutz Allgemeine Hinweise Die folgenden Hinweise geben einen einfachen \u00dcberblick dar\u00fcber, was mit Ihren personenbezogenen Daten passiert, wenn Sie unsere Website besuchen. Personenbezogene Daten sind alle Daten, mit denen Sie [&hellip;]<\/p>\n","protected":false},"author":1,"featured_media":0,"parent":0,"menu_order":0,"comment_status":"closed","ping_status":"closed","template":"","meta":{"footnotes":""},"class_list":["post-76","page","type-page","status-publish","hentry"],"_links":{"self":[{"href":"https:\/\/robotist.de\/index.php?rest_route=\/wp\/v2\/pages\/76","targetHints":{"allow":["GET"]}}],"collection":[{"href":"https:\/\/robotist.de\/index.php?rest_route=\/wp\/v2\/pages"}],"about":[{"href":"https:\/\/robotist.de\/index.php?rest_route=\/wp\/v2\/types\/page"}],"author":[{"embeddable":true,"href":"https:\/\/robotist.de\/index.php?rest_route=\/wp\/v2\/users\/1"}],"replies":[{"embeddable":true,"href":"https:\/\/robotist.de\/index.php?rest_route=%2Fwp%2Fv2%2Fcomments&post=76"}],"version-history":[{"count":1,"href":"https:\/\/robotist.de\/index.php?rest_route=\/wp\/v2\/pages\/76\/revisions"}],"predecessor-version":[{"id":77,"href":"https:\/\/robotist.de\/index.php?rest_route=\/wp\/v2\/pages\/76\/revisions\/77"}],"wp:attachment":[{"href":"https:\/\/robotist.de\/index.php?rest_route=%2Fwp%2Fv2%2Fmedia&parent=76"}],"curies":[{"name":"wp","href":"https:\/\/api.w.org\/{rel}","templated":true}]}}